{"id":147,"date":"2026-04-06T10:33:29","date_gmt":"2026-04-06T10:33:29","guid":{"rendered":"https:\/\/www.prepersbox.com\/?post_type=product&#038;p=147"},"modified":"2026-04-06T10:52:36","modified_gmt":"2026-04-06T10:52:36","slug":"motorola-t82-extreme","status":"publish","type":"product","link":"https:\/\/www.prepersbox.com\/index.php\/produkt\/motorola-t82-extreme\/","title":{"rendered":"MOTOROLA T82 EXTREME"},"content":{"rendered":"<p><span>Radiotelefon TALKABOUT T82 Extreme to wytrzyma\u0142y towarzysz podr\u00f3\u017cy, nieoceniony podczas najbardziej wymagaj\u0105cych wypraw. T82 Extreme jest odporny na dzia\u0142anie czynnik\u00f3w pogodowych (IPx4), dzi\u0119ki czemu doskonale sprawdza si\u0119 w najtrudniejszych warunkach. Nowy, dyskretny wy\u015bwietlacz u\u0142atwia prowadzenie rozm\u00f3w i aktywuje si\u0119 wtedy, kiedy tego potrzebujesz. Dzi\u0119ki przyciskowi szybkiego parowania konfiguracja przebiega b\u0142yskawicznie. Wbudowana latarka LED zapewnia \u015bwiat\u0142o w sytuacjach awaryjnych, co umo\u017cliwia czytanie mapy po zapadni\u0119ciu zmroku. Dzi\u0119ki niezb\u0119dnym akcesoriom i zasi\u0119gowi do 10 km* radiotelefon TALKABOUT T82 Extreme zapewni Ci \u0142\u0105czno\u015b\u0107 na trudnych wyprawach i na najwy\u017cszych szczytach.<\/span><\/p>\n","protected":false},"excerpt":{"rendered":"<p>W parku z dzie\u0107mi, na pla\u017cy z przyjaci\u00f3\u0142mi czy po prostu na w\u0119dr\u00f3wce w poszukiwaniu przygody.<\/p>\n","protected":false},"featured_media":148,"comment_status":"open","ping_status":"closed","template":"","meta":{"_themeisle_gutenberg_block_has_review":false},"product_brand":[],"product_cat":[20],"product_tag":[],"class_list":{"0":"post-147","1":"product","2":"type-product","3":"status-publish","4":"has-post-thumbnail","6":"product_cat-radiotelefony","8":"first","9":"instock","10":"taxable","11":"shipping-taxable","12":"purchasable","13":"product-type-simple"},"jetpack_sharing_enabled":true,"_links":{"self":[{"href":"https:\/\/www.prepersbox.com\/index.php\/wp-json\/wp\/v2\/product\/147","targetHints":{"allow":["GET"]}}],"collection":[{"href":"https:\/\/www.prepersbox.com\/index.php\/wp-json\/wp\/v2\/product"}],"about":[{"href":"https:\/\/www.prepersbox.com\/index.php\/wp-json\/wp\/v2\/types\/product"}],"replies":[{"embeddable":true,"href":"https:\/\/www.prepersbox.com\/index.php\/wp-json\/wp\/v2\/comments?post=147"}],"wp:featuredmedia":[{"embeddable":true,"href":"https:\/\/www.prepersbox.com\/index.php\/wp-json\/wp\/v2\/media\/148"}],"wp:attachment":[{"href":"https:\/\/www.prepersbox.com\/index.php\/wp-json\/wp\/v2\/media?parent=147"}],"wp:term":[{"taxonomy":"product_brand","embeddable":true,"href":"https:\/\/www.prepersbox.com\/index.php\/wp-json\/wp\/v2\/product_brand?post=147"},{"taxonomy":"product_cat","embeddable":true,"href":"https:\/\/www.prepersbox.com\/index.php\/wp-json\/wp\/v2\/product_cat?post=147"},{"taxonomy":"product_tag","embeddable":true,"href":"https:\/\/www.prepersbox.com\/index.php\/wp-json\/wp\/v2\/product_tag?post=147"}],"curies":[{"name":"wp","href":"https:\/\/api.w.org\/{rel}","templated":true}]}}